{"id":51,"date":"2024-08-01T21:10:23","date_gmt":"2024-08-01T21:10:23","guid":{"rendered":"https:\/\/eltallerac.org\/?page_id=51"},"modified":"2025-04-30T13:23:00","modified_gmt":"2025-04-30T19:23:00","slug":"foroculturallasnahualas","status":"publish","type":"page","link":"https:\/\/eltallerac.org\/?page_id=51","title":{"rendered":"FORO CULTURAL LAS NAHUALAS"},"content":{"rendered":"\n<p class=\"has-text-align-center\">El Foro Cultural Las Nahualas es un espacio \u00fanico en donde las piezas teatrales que se presentan son en pro de una vida digna para todas las personas, teatro sin discriminaci\u00f3n y que fomenta el respeto a las diferencias.<\/p>\n\n\n\n<h2 class=\"wp-block-heading\">OBJETIVO<\/h2>\n\n\n\n<p class=\"has-text-align-center\">Crear conciencia a trav\u00e9s del impacto y la sensibilizaci\u00f3n que provoca el TEATRO, buscando generar p\u00fablicos cr\u00edticos y participativos en las problem\u00e1ticas sociales y actuales de nuestro Pa\u00eds.<\/p>\n\n\n\n<figure class=\"wp-block-image aligncenter size-full is-resized\"><img loading=\"lazy\" decoding=\"async\" width=\"960\" height=\"720\" src=\"https:\/\/eltallerac.org\/wp-content\/uploads\/2025\/04\/WhatsApp-Image-2025-04-01-at-13.22.00-edited.jpeg\" alt=\"\" class=\"wp-image-239\" style=\"width:388px;height:auto\" srcset=\"https:\/\/eltallerac.org\/wp-content\/uploads\/2025\/04\/WhatsApp-Image-2025-04-01-at-13.22.00-edited.jpeg 960w, https:\/\/eltallerac.org\/wp-content\/uploads\/2025\/04\/WhatsApp-Image-2025-04-01-at-13.22.00-edited-300x225.jpeg 300w, https:\/\/eltallerac.org\/wp-content\/uploads\/2025\/04\/WhatsApp-Image-2025-04-01-at-13.22.00-edited-768x576.jpeg 768w\" sizes=\"auto, (max-width: 960px) 100vw, 960px\" \/><\/figure>\n\n\n\n<p class=\"has-text-align-center\">A la fecha, este foro se ha convertido en un referente para la realizaci\u00f3n de diversas actividades culturales; como talleres de expresi\u00f3n corporal, ejercicios de teatro-foro, ensayos teatrales, presentaciones de compa\u00f1\u00edas teatrales, locales, nacionales e internacionales.<\/p>\n\n\n\n<h1 class=\"wp-block-heading has-text-align-center\">OBRAS<\/h1>\n\n\n\n<div class=\"wp-block-columns is-layout-flex wp-container-core-columns-is-layout-28f84493 wp-block-columns-is-layout-flex\">\n<div class=\"wp-block-column is-layout-flow wp-block-column-is-layout-flow\">\n<h6 class=\"wp-block-heading has-text-align-center\"><strong>MUJER NO SE ESCRIBE CON M DE MACHO<\/strong><\/h6>\n<\/div>\n\n\n\n<div class=\"wp-block-column is-layout-flow wp-block-column-is-layout-flow\">\n<h6 class=\"wp-block-heading has-text-align-center\"><strong>A ODIAR SE APRENDE<\/strong><\/h6>\n<\/div>\n\n\n\n<div class=\"wp-block-column is-layout-flow wp-block-column-is-layout-flow\">\n<h6 class=\"wp-block-heading has-text-align-center\"><strong>BUSCARTE<\/strong><\/h6>\n<\/div>\n<\/div>\n\n\n\n<div class=\"wp-block-columns is-layout-flex wp-container-core-columns-is-layout-28f84493 wp-block-columns-is-layout-flex\">\n<div class=\"wp-block-column is-layout-flow wp-block-column-is-layout-flow\">\n<figure class=\"wp-block-image aligncenter size-large\"><img loading=\"lazy\" decoding=\"async\" width=\"797\" height=\"1024\" src=\"https:\/\/eltallerac.org\/wp-content\/uploads\/2025\/04\/Copia-de-2025-MUJER-NO-SE-ESCRIBE--797x1024.png\" alt=\"\" class=\"wp-image-233\" srcset=\"https:\/\/eltallerac.org\/wp-content\/uploads\/2025\/04\/Copia-de-2025-MUJER-NO-SE-ESCRIBE--797x1024.png 797w, https:\/\/eltallerac.org\/wp-content\/uploads\/2025\/04\/Copia-de-2025-MUJER-NO-SE-ESCRIBE--233x300.png 233w, https:\/\/eltallerac.org\/wp-content\/uploads\/2025\/04\/Copia-de-2025-MUJER-NO-SE-ESCRIBE--768x987.png 768w, https:\/\/eltallerac.org\/wp-content\/uploads\/2025\/04\/Copia-de-2025-MUJER-NO-SE-ESCRIBE--1195x1536.png 1195w, https:\/\/eltallerac.org\/wp-content\/uploads\/2025\/04\/Copia-de-2025-MUJER-NO-SE-ESCRIBE-.png 1556w\" sizes=\"auto, (max-width: 797px) 100vw, 797px\" \/><\/figure>\n<\/div>\n\n\n\n<div class=\"wp-block-column is-layout-flow wp-block-column-is-layout-flow\">\n<figure class=\"wp-block-image size-large\"><img loading=\"lazy\" decoding=\"async\" width=\"797\" height=\"1024\" src=\"https:\/\/eltallerac.org\/wp-content\/uploads\/2025\/04\/2025-A-ODIAR-SE-APRENDE--797x1024.png\" alt=\"\" class=\"wp-image-234\" srcset=\"https:\/\/eltallerac.org\/wp-content\/uploads\/2025\/04\/2025-A-ODIAR-SE-APRENDE--797x1024.png 797w, https:\/\/eltallerac.org\/wp-content\/uploads\/2025\/04\/2025-A-ODIAR-SE-APRENDE--233x300.png 233w, https:\/\/eltallerac.org\/wp-content\/uploads\/2025\/04\/2025-A-ODIAR-SE-APRENDE--768x987.png 768w, https:\/\/eltallerac.org\/wp-content\/uploads\/2025\/04\/2025-A-ODIAR-SE-APRENDE--1195x1536.png 1195w, https:\/\/eltallerac.org\/wp-content\/uploads\/2025\/04\/2025-A-ODIAR-SE-APRENDE-.png 1556w\" sizes=\"auto, (max-width: 797px) 100vw, 797px\" \/><\/figure>\n<\/div>\n\n\n\n<div class=\"wp-block-column is-layout-flow wp-block-column-is-layout-flow\">\n<figure class=\"wp-block-image size-large\"><img loading=\"lazy\" decoding=\"async\" width=\"796\" height=\"1024\" src=\"https:\/\/eltallerac.org\/wp-content\/uploads\/2025\/04\/2025-BUSCARTE-796x1024.png\" alt=\"\" class=\"wp-image-236\" srcset=\"https:\/\/eltallerac.org\/wp-content\/uploads\/2025\/04\/2025-BUSCARTE-796x1024.png 796w, https:\/\/eltallerac.org\/wp-content\/uploads\/2025\/04\/2025-BUSCARTE-233x300.png 233w, https:\/\/eltallerac.org\/wp-content\/uploads\/2025\/04\/2025-BUSCARTE-768x988.png 768w, https:\/\/eltallerac.org\/wp-content\/uploads\/2025\/04\/2025-BUSCARTE-1194x1536.png 1194w, https:\/\/eltallerac.org\/wp-content\/uploads\/2025\/04\/2025-BUSCARTE.png 1555w\" sizes=\"auto, (max-width: 796px) 100vw, 796px\" \/><\/figure>\n<\/div>\n<\/div>\n\n\n\n<div class=\"wp-block-columns is-layout-flex wp-container-core-columns-is-layout-28f84493 wp-block-columns-is-layout-flex\">\n<div class=\"wp-block-column is-layout-flow wp-block-column-is-layout-flow\">\n<p class=\"has-text-align-center\">Cuatro mujeres que comparten su experiencia en la cultura machista, visibilizando la violencia hacia mujeres y ni\u00f1as. En compa\u00f1\u00eda del p\u00fablico, las personajes se dan cuenta del contexto en el que viven, reflexionando para as\u00ed tejerse entre mujeres y hombres: libertades dignas y mundos posibles.<\/p>\n<\/div>\n\n\n\n<div class=\"wp-block-column is-layout-flow wp-block-column-is-layout-flow\">\n<p class=\"has-text-align-center\">A trav\u00e9s de la l\u00ednea del teatro testimonial, El Taller Nahualas busca construir una nueva memoria colectiva, escuchar las voces, las historias de aquellas vidas que han sido odiadas, por el simple hecho de vivir su identidad.<\/p>\n\n\n\n<p class=\"has-text-align-center\">Mediante la recopilaci\u00f3n de testimonios y cr\u00f3nicas period\u00edsticas se construye A Odiar se Aprende, un dispositivo esc\u00e9nico que denuncia las violencias y los cr\u00edmenes de homo-lesbo-trans- fobia.<\/p>\n\n\n\n<p><\/p>\n<\/div>\n\n\n\n<div class=\"wp-block-column is-layout-flow wp-block-column-is-layout-flow\">\n<p class=\"has-text-align-center\">BUSCARTE es un dispositivo esc\u00e9nico que denuncia los feminicidios, la trata, la discriminaci\u00f3n, la misoginia y la indiferencia de las autoridades para hacer justicia. (Corredor Puebla-Tlaxcala)\u200b<\/p>\n\n\n\n<p class=\"has-text-align-center\">Visibilizando las diferentes formas en que se ha naturalizado, minimizado y tolerado la violencia hacia las mujeres; invita a la colectividad de mujeres, hombres, instituciones y autoridades para lograr una vida digna libre de violencia para todas y todos.<\/p>\n\n\n\n<p class=\"has-text-align-center\"><\/p>\n<\/div>\n<\/div>\n\n\n\n<figure class=\"wp-block-image alignwide size-large\"><img loading=\"lazy\" decoding=\"async\" width=\"1024\" height=\"403\" src=\"https:\/\/eltallerac.org\/wp-content\/uploads\/2025\/04\/WhatsApp-Image-2025-03-06-at-18.04.32-1024x403.jpeg\" alt=\"\" class=\"wp-image-237\" srcset=\"https:\/\/eltallerac.org\/wp-content\/uploads\/2025\/04\/WhatsApp-Image-2025-03-06-at-18.04.32-1024x403.jpeg 1024w, https:\/\/eltallerac.org\/wp-content\/uploads\/2025\/04\/WhatsApp-Image-2025-03-06-at-18.04.32-300x118.jpeg 300w, https:\/\/eltallerac.org\/wp-content\/uploads\/2025\/04\/WhatsApp-Image-2025-03-06-at-18.04.32-768x303.jpeg 768w, https:\/\/eltallerac.org\/wp-content\/uploads\/2025\/04\/WhatsApp-Image-2025-03-06-at-18.04.32-1536x605.jpeg 1536w, https:\/\/eltallerac.org\/wp-content\/uploads\/2025\/04\/WhatsApp-Image-2025-03-06-at-18.04.32.jpeg 1599w\" sizes=\"auto, (max-width: 1024px) 100vw, 1024px\" \/><\/figure>\n\n\n\n<h3 class=\"wp-block-heading alignwide\">Cont\u00e1ctanos para mayor informaci\u00f3n:<\/h3>\n\n\n\n<ul class=\"wp-block-social-links aligncenter is-layout-flex wp-block-social-links-is-layout-flex\"><li class=\"wp-social-link wp-social-link-facebook  wp-block-social-link\"><a href=\"https:\/\/www.facebook.com\/ElTallerNahualas\" class=\"wp-block-social-link-anchor\"><svg width=\"24\" height=\"24\" viewBox=\"0 0 24 24\" version=\"1.1\" xmlns=\"http:\/\/www.w3.org\/2000\/svg\" aria-hidden=\"true\" focusable=\"false\"><path d=\"M12 2C6.5 2 2 6.5 2 12c0 5 3.7 9.1 8.4 9.9v-7H7.9V12h2.5V9.8c0-2.5 1.5-3.9 3.8-3.9 1.1 0 2.2.2 2.2.2v2.5h-1.3c-1.2 0-1.6.8-1.6 1.6V12h2.8l-.4 2.9h-2.3v7C18.3 21.1 22 17 22 12c0-5.5-4.5-10-10-10z\"><\/path><\/svg><span class=\"wp-block-social-link-label screen-reader-text\">Facebook<\/span><\/a><\/li>\n\n<li class=\"wp-social-link wp-social-link-instagram  wp-block-social-link\"><a href=\"https:\/\/www.instagram.com\/lasnahualasdeltaller\/\" class=\"wp-block-social-link-anchor\"><svg width=\"24\" height=\"24\" viewBox=\"0 0 24 24\" version=\"1.1\" xmlns=\"http:\/\/www.w3.org\/2000\/svg\" aria-hidden=\"true\" focusable=\"false\"><path d=\"M12,4.622c2.403,0,2.688,0.009,3.637,0.052c0.877,0.04,1.354,0.187,1.671,0.31c0.42,0.163,0.72,0.358,1.035,0.673 c0.315,0.315,0.51,0.615,0.673,1.035c0.123,0.317,0.27,0.794,0.31,1.671c0.043,0.949,0.052,1.234,0.052,3.637 s-0.009,2.688-0.052,3.637c-0.04,0.877-0.187,1.354-0.31,1.671c-0.163,0.42-0.358,0.72-0.673,1.035 c-0.315,0.315-0.615,0.51-1.035,0.673c-0.317,0.123-0.794,0.27-1.671,0.31c-0.949,0.043-1.233,0.052-3.637,0.052 s-2.688-0.009-3.637-0.052c-0.877-0.04-1.354-0.187-1.671-0.31c-0.42-0.163-0.72-0.358-1.035-0.673 c-0.315-0.315-0.51-0.615-0.673-1.035c-0.123-0.317-0.27-0.794-0.31-1.671C4.631,14.688,4.622,14.403,4.622,12 s0.009-2.688,0.052-3.637c0.04-0.877,0.187-1.354,0.31-1.671c0.163-0.42,0.358-0.72,0.673-1.035 c0.315-0.315,0.615-0.51,1.035-0.673c0.317-0.123,0.794-0.27,1.671-0.31C9.312,4.631,9.597,4.622,12,4.622 M12,3 C9.556,3,9.249,3.01,8.289,3.054C7.331,3.098,6.677,3.25,6.105,3.472C5.513,3.702,5.011,4.01,4.511,4.511 c-0.5,0.5-0.808,1.002-1.038,1.594C3.25,6.677,3.098,7.331,3.054,8.289C3.01,9.249,3,9.556,3,12c0,2.444,0.01,2.751,0.054,3.711 c0.044,0.958,0.196,1.612,0.418,2.185c0.23,0.592,0.538,1.094,1.038,1.594c0.5,0.5,1.002,0.808,1.594,1.038 c0.572,0.222,1.227,0.375,2.185,0.418C9.249,20.99,9.556,21,12,21s2.751-0.01,3.711-0.054c0.958-0.044,1.612-0.196,2.185-0.418 c0.592-0.23,1.094-0.538,1.594-1.038c0.5-0.5,0.808-1.002,1.038-1.594c0.222-0.572,0.375-1.227,0.418-2.185 C20.99,14.751,21,14.444,21,12s-0.01-2.751-0.054-3.711c-0.044-0.958-0.196-1.612-0.418-2.185c-0.23-0.592-0.538-1.094-1.038-1.594 c-0.5-0.5-1.002-0.808-1.594-1.038c-0.572-0.222-1.227-0.375-2.185-0.418C14.751,3.01,14.444,3,12,3L12,3z M12,7.378 c-2.552,0-4.622,2.069-4.622,4.622S9.448,16.622,12,16.622s4.622-2.069,4.622-4.622S14.552,7.378,12,7.378z M12,15 c-1.657,0-3-1.343-3-3s1.343-3,3-3s3,1.343,3,3S13.657,15,12,15z M16.804,6.116c-0.596,0-1.08,0.484-1.08,1.08 s0.484,1.08,1.08,1.08c0.596,0,1.08-0.484,1.08-1.08S17.401,6.116,16.804,6.116z\"><\/path><\/svg><span class=\"wp-block-social-link-label screen-reader-text\">Instagram<\/span><\/a><\/li>\n\n<li class=\"wp-social-link wp-social-link-whatsapp  wp-block-social-link\"><a href=\"https:\/\/wa.me\/+522221813035\" class=\"wp-block-social-link-anchor\"><svg width=\"24\" height=\"24\" viewBox=\"0 0 24 24\" version=\"1.1\" xmlns=\"http:\/\/www.w3.org\/2000\/svg\" aria-hidden=\"true\" focusable=\"false\"><path d=\"M 12.011719 2 C 6.5057187 2 2.0234844 6.478375 2.0214844 11.984375 C 2.0204844 13.744375 2.4814687 15.462563 3.3554688 16.976562 L 2 22 L 7.2324219 20.763672 C 8.6914219 21.559672 10.333859 21.977516 12.005859 21.978516 L 12.009766 21.978516 C 17.514766 21.978516 21.995047 17.499141 21.998047 11.994141 C 22.000047 9.3251406 20.962172 6.8157344 19.076172 4.9277344 C 17.190172 3.0407344 14.683719 2.001 12.011719 2 z M 12.009766 4 C 14.145766 4.001 16.153109 4.8337969 17.662109 6.3417969 C 19.171109 7.8517969 20.000047 9.8581875 19.998047 11.992188 C 19.996047 16.396187 16.413812 19.978516 12.007812 19.978516 C 10.674812 19.977516 9.3544062 19.642812 8.1914062 19.007812 L 7.5175781 18.640625 L 6.7734375 18.816406 L 4.8046875 19.28125 L 5.2851562 17.496094 L 5.5019531 16.695312 L 5.0878906 15.976562 C 4.3898906 14.768562 4.0204844 13.387375 4.0214844 11.984375 C 4.0234844 7.582375 7.6067656 4 12.009766 4 z M 8.4765625 7.375 C 8.3095625 7.375 8.0395469 7.4375 7.8105469 7.6875 C 7.5815469 7.9365 6.9355469 8.5395781 6.9355469 9.7675781 C 6.9355469 10.995578 7.8300781 12.182609 7.9550781 12.349609 C 8.0790781 12.515609 9.68175 15.115234 12.21875 16.115234 C 14.32675 16.946234 14.754891 16.782234 15.212891 16.740234 C 15.670891 16.699234 16.690438 16.137687 16.898438 15.554688 C 17.106437 14.971687 17.106922 14.470187 17.044922 14.367188 C 16.982922 14.263188 16.816406 14.201172 16.566406 14.076172 C 16.317406 13.951172 15.090328 13.348625 14.861328 13.265625 C 14.632328 13.182625 14.464828 13.140625 14.298828 13.390625 C 14.132828 13.640625 13.655766 14.201187 13.509766 14.367188 C 13.363766 14.534188 13.21875 14.556641 12.96875 14.431641 C 12.71875 14.305641 11.914938 14.041406 10.960938 13.191406 C 10.218937 12.530406 9.7182656 11.714844 9.5722656 11.464844 C 9.4272656 11.215844 9.5585938 11.079078 9.6835938 10.955078 C 9.7955938 10.843078 9.9316406 10.663578 10.056641 10.517578 C 10.180641 10.371578 10.223641 10.267562 10.306641 10.101562 C 10.389641 9.9355625 10.347156 9.7890625 10.285156 9.6640625 C 10.223156 9.5390625 9.737625 8.3065 9.515625 7.8125 C 9.328625 7.3975 9.131125 7.3878594 8.953125 7.3808594 C 8.808125 7.3748594 8.6425625 7.375 8.4765625 7.375 z\"><\/path><\/svg><span class=\"wp-block-social-link-label screen-reader-text\">WhatsApp<\/span><\/a><\/li>\n\n<li class=\"wp-social-link wp-social-link-mail  wp-block-social-link\"><a href=\"mailto:contacto@eltallerac.org\" class=\"wp-block-social-link-anchor\"><svg width=\"24\" height=\"24\" viewBox=\"0 0 24 24\" version=\"1.1\" xmlns=\"http:\/\/www.w3.org\/2000\/svg\" aria-hidden=\"true\" focusable=\"false\"><path d=\"M19,5H5c-1.1,0-2,.9-2,2v10c0,1.1.9,2,2,2h14c1.1,0,2-.9,2-2V7c0-1.1-.9-2-2-2zm.5,12c0,.3-.2.5-.5.5H5c-.3,0-.5-.2-.5-.5V9.8l7.5,5.6,7.5-5.6V17zm0-9.1L12,13.6,4.5,7.9V7c0-.3.2-.5.5-.5h14c.3,0,.5.2.5.5v.9z\"><\/path><\/svg><span class=\"wp-block-social-link-label screen-reader-text\">Correo electr\u00f3nico<\/span><\/a><\/li><\/ul>\n\n\n\n<p><\/p>\n","protected":false},"excerpt":{"rendered":"<p>El Foro Cultural Las Nahualas es un espacio \u00fanico en donde las piezas teatrales que se presentan son en pro de una vida digna para todas las personas, teatro sin discriminaci\u00f3n y que fomenta el respeto a las diferencias. OBJETIVO Crear conciencia a trav\u00e9s del impacto y la sensibilizaci\u00f3n que provoca el TEATRO, buscando generar [&hellip;]<\/p>\n","protected":false},"author":1,"featured_media":0,"parent":0,"menu_order":2,"comment_status":"closed","ping_status":"closed","template":"","meta":{"footnotes":""},"class_list":["post-51","page","type-page","status-publish","hentry"],"_links":{"self":[{"href":"https:\/\/eltallerac.org\/index.php?rest_route=\/wp\/v2\/pages\/51","targetHints":{"allow":["GET"]}}],"collection":[{"href":"https:\/\/eltallerac.org\/index.php?rest_route=\/wp\/v2\/pages"}],"about":[{"href":"https:\/\/eltallerac.org\/index.php?rest_route=\/wp\/v2\/types\/page"}],"author":[{"embeddable":true,"href":"https:\/\/eltallerac.org\/index.php?rest_route=\/wp\/v2\/users\/1"}],"replies":[{"embeddable":true,"href":"https:\/\/eltallerac.org\/index.php?rest_route=%2Fwp%2Fv2%2Fcomments&post=51"}],"version-history":[{"count":12,"href":"https:\/\/eltallerac.org\/index.php?rest_route=\/wp\/v2\/pages\/51\/revisions"}],"predecessor-version":[{"id":288,"href":"https:\/\/eltallerac.org\/index.php?rest_route=\/wp\/v2\/pages\/51\/revisions\/288"}],"wp:attachment":[{"href":"https:\/\/eltallerac.org\/index.php?rest_route=%2Fwp%2Fv2%2Fmedia&parent=51"}],"curies":[{"name":"wp","href":"https:\/\/api.w.org\/{rel}","templated":true}]}}