{"id":47,"date":"2024-08-01T21:08:59","date_gmt":"2024-08-01T21:08:59","guid":{"rendered":"https:\/\/eltallerac.org\/?page_id=47"},"modified":"2025-11-22T03:24:32","modified_gmt":"2025-11-22T09:24:32","slug":"nosotras","status":"publish","type":"page","link":"https:\/\/eltallerac.org\/?page_id=47","title":{"rendered":"NOSOTRAS"},"content":{"rendered":"\n<p class=\"has-text-align-center\">Cumplimos 17 a\u00f1os de lucha y trabajo constante, somos la \u00fanica colectiva LesBifeminista en Puebla que ha logrado construir espacios de reflexi\u00f3n, informaci\u00f3n, encuentro y acci\u00f3n de mujeres lesbianas y bisexualas. Desde nuestro espacio se dio pie a que mujeres se formaran, se reunieran y se consolidaran como defensoras de derechos de las mujeres.<\/p>\n\n\n\n<div class=\"wp-block-columns is-layout-flex wp-container-core-columns-is-layout-28f84493 wp-block-columns-is-layout-flex\">\n<div class=\"wp-block-column is-layout-flow wp-block-column-is-layout-flow\">\n<h2 class=\"wp-block-heading has-text-align-center\">MISI\u00d3N<\/h2>\n\n\n\n<p class=\"has-text-align-center\">Garantizar el pleno ejercicio de los derechos de las ni\u00f1eces, juventudes y mujeres con identidades diversas, generando y organizando movimientos transformadores, a trav\u00e9s de la apropiaci\u00f3n de nuestro cuerpo y de los espacios habitables por medio de incidencias pol\u00edticas, art\u00edsticas, culturales, formativas y pedag\u00f3gicas desde el activismo, la lucha de las mujeres y los feminismos. Denuncia y subversi\u00f3n de la misoginia, violencia patriarcal, adultocentrista y heteronormada.<\/p>\n<\/div>\n\n\n\n<div class=\"wp-block-column is-layout-flow wp-block-column-is-layout-flow\">\n<h2 class=\"wp-block-heading has-text-align-center\">VISI\u00d3N<\/h2>\n\n\n\n<p class=\"has-text-align-center\">Ser una organizaci\u00f3n de formaci\u00f3n de mujeres libres y dignas que inciden para garantizar los derechos de todas en sus diferentes contextos, siendo un espacio seguro donde mujeres diversas llevan a cabo proyectos personales y colectivos de trabajo multidisciplinario.<br><\/p>\n<\/div>\n<\/div>\n\n\n\n<h2 class=\"wp-block-heading has-text-align-center\">OBJETIVO GENERAL<\/h2>\n\n\n\n<p class=\"has-text-align-center\">Contribuir a reducir las condiciones de opresi\u00f3n y discriminaci\u00f3n que viven ni\u00f1eces, juventudes, mujeres Lesbianas, Bisexualas, personas Trans e identidades diversas.<\/p>\n\n\n\n<h3 class=\"wp-block-heading\">OBJETIVOS ESPEC\u00cdFICOS<\/h3>\n\n\n\n<ul class=\"wp-block-list\">\n<li>Generar espacios seguros para la apropiaci\u00f3n del cuerpo como esfera de autonom\u00eda y expresiones diversas.&nbsp;<\/li>\n\n\n\n<li>Formar de redes de apoyo para ni\u00f1eces, juventudes, mujeres Lesbianas, mujeres Bisexualas, personas Trans e identidades no binaries.<\/li>\n\n\n\n<li>Fortalecer el reconocimiento y ejercicio de los Derechos Humanos, Derechos Sexuales y&nbsp;Reproductivos a trav\u00e9s del arte y la cultura.<\/li>\n\n\n\n<li>Contribuir al acceso a la justicia integral de las familias v\u00edctimas de desaparici\u00f3n forzada y violencias machistas.&nbsp;<\/li>\n<\/ul>\n\n\n\n<h2 class=\"wp-block-heading\">INFORMES ANUALES<\/h2>\n\n\n\n<div data-wp-interactive=\"core\/file\" class=\"wp-block-file\"><object data-wp-bind--hidden=\"!state.hasPdfPreview\" hidden class=\"wp-block-file__embed\" data=\"https:\/\/eltallerac.org\/wp-content\/uploads\/2024\/08\/informe-de-actividades-2023.pdf\" type=\"application\/pdf\" style=\"width:100%;height:600px\" aria-label=\"Incrustado de Informe de actividades 2023.\"><\/object><a id=\"wp-block-file--media-6cdcaddc-ebad-4d40-9218-61b2c29d25ee\" href=\"https:\/\/eltallerac.org\/wp-content\/uploads\/2024\/08\/informe-de-actividades-2023.pdf\">Informe de actividades 2023<\/a><a href=\"https:\/\/eltallerac.org\/wp-content\/uploads\/2024\/08\/informe-de-actividades-2023.pdf\" class=\"wp-block-file__button wp-element-button\" download aria-describedby=\"wp-block-file--media-6cdcaddc-ebad-4d40-9218-61b2c29d25ee\">Descarga<\/a><\/div>\n\n\n\n<div data-wp-interactive=\"core\/file\" class=\"wp-block-file\"><object data-wp-bind--hidden=\"!state.hasPdfPreview\" hidden class=\"wp-block-file__embed\" data=\"https:\/\/eltallerac.org\/wp-content\/uploads\/2025\/01\/informe-anual-2024.pdf\" type=\"application\/pdf\" style=\"width:100%;height:600px\" aria-label=\"Incrustado de Informe de actividades 2024.\"><\/object><a id=\"wp-block-file--media-708a6fd5-cde1-41b8-96a6-4857835e1549\" href=\"https:\/\/eltallerac.org\/wp-content\/uploads\/2025\/01\/informe-anual-2024.pdf\">Informe de actividades 2024<\/a><a href=\"https:\/\/eltallerac.org\/wp-content\/uploads\/2025\/01\/informe-anual-2024.pdf\" class=\"wp-block-file__button wp-element-button\" download aria-describedby=\"wp-block-file--media-708a6fd5-cde1-41b8-96a6-4857835e1549\">Descarga<\/a><\/div>\n\n\n\n<div data-wp-interactive=\"core\/file\" class=\"wp-block-file\"><object data-wp-bind--hidden=\"!state.hasPdfPreview\" hidden class=\"wp-block-file__embed\" data=\"https:\/\/eltallerac.org\/wp-content\/uploads\/2025\/11\/INFORME-ANUAL-2025-2-1.pdf\" type=\"application\/pdf\" style=\"width:100%;height:600px\" aria-label=\"Incrustado de Informe de Actividades 2025.\"><\/object><a id=\"wp-block-file--media-cdbcb8b9-bf38-4795-b203-cadc43cb0966\" href=\"https:\/\/eltallerac.org\/wp-content\/uploads\/2025\/11\/INFORME-ANUAL-2025-2-1.pdf\">Informe de Actividades 2025<\/a><a href=\"https:\/\/eltallerac.org\/wp-content\/uploads\/2025\/11\/INFORME-ANUAL-2025-2-1.pdf\" class=\"wp-block-file__button wp-element-button\" download aria-describedby=\"wp-block-file--media-cdbcb8b9-bf38-4795-b203-cadc43cb0966\">Descarga<\/a><\/div>\n\n\n\n<p><\/p>\n\n\n\n<p>AVISO DE PRIVACIDAD<\/p>\n\n\n\n<div data-wp-interactive=\"core\/file\" class=\"wp-block-file\"><object data-wp-bind--hidden=\"!state.hasPdfPreview\" hidden class=\"wp-block-file__embed\" data=\"https:\/\/eltallerac.org\/wp-content\/uploads\/2025\/01\/Proteccion-de-datos-personales-1.pdf\" type=\"application\/pdf\" style=\"width:100%;height:600px\" aria-label=\"Incrustado de PROTECCI\u00d3N DE DATOS PERSONALES.\"><\/object><a id=\"wp-block-file--media-a188a8ce-66ae-4ae5-91fc-a7cd197ceade\" href=\"https:\/\/eltallerac.org\/wp-content\/uploads\/2025\/01\/Proteccion-de-datos-personales-1.pdf\">PROTECCI\u00d3N DE DATOS PERSONALES<\/a><a href=\"https:\/\/eltallerac.org\/wp-content\/uploads\/2025\/01\/Proteccion-de-datos-personales-1.pdf\" class=\"wp-block-file__button wp-element-button\" download aria-describedby=\"wp-block-file--media-a188a8ce-66ae-4ae5-91fc-a7cd197ceade\">Descarga<\/a><\/div>\n\n\n\n<h3 class=\"wp-block-heading alignwide\">Cont\u00e1ctanos para mayor informaci\u00f3n:<\/h3>\n\n\n\n<ul class=\"wp-block-social-links aligncenter is-layout-flex wp-block-social-links-is-layout-flex\"><li class=\"wp-social-link wp-social-link-facebook  wp-block-social-link\"><a href=\"https:\/\/www.facebook.com\/ElTallerNahualas\" class=\"wp-block-social-link-anchor\"><svg width=\"24\" height=\"24\" viewBox=\"0 0 24 24\" version=\"1.1\" xmlns=\"http:\/\/www.w3.org\/2000\/svg\" aria-hidden=\"true\" focusable=\"false\"><path d=\"M12 2C6.5 2 2 6.5 2 12c0 5 3.7 9.1 8.4 9.9v-7H7.9V12h2.5V9.8c0-2.5 1.5-3.9 3.8-3.9 1.1 0 2.2.2 2.2.2v2.5h-1.3c-1.2 0-1.6.8-1.6 1.6V12h2.8l-.4 2.9h-2.3v7C18.3 21.1 22 17 22 12c0-5.5-4.5-10-10-10z\"><\/path><\/svg><span class=\"wp-block-social-link-label screen-reader-text\">Facebook<\/span><\/a><\/li>\n\n<li class=\"wp-social-link wp-social-link-instagram  wp-block-social-link\"><a href=\"https:\/\/www.instagram.com\/lasnahualasdeltaller\/\" class=\"wp-block-social-link-anchor\"><svg width=\"24\" height=\"24\" viewBox=\"0 0 24 24\" version=\"1.1\" xmlns=\"http:\/\/www.w3.org\/2000\/svg\" aria-hidden=\"true\" focusable=\"false\"><path d=\"M12,4.622c2.403,0,2.688,0.009,3.637,0.052c0.877,0.04,1.354,0.187,1.671,0.31c0.42,0.163,0.72,0.358,1.035,0.673 c0.315,0.315,0.51,0.615,0.673,1.035c0.123,0.317,0.27,0.794,0.31,1.671c0.043,0.949,0.052,1.234,0.052,3.637 s-0.009,2.688-0.052,3.637c-0.04,0.877-0.187,1.354-0.31,1.671c-0.163,0.42-0.358,0.72-0.673,1.035 c-0.315,0.315-0.615,0.51-1.035,0.673c-0.317,0.123-0.794,0.27-1.671,0.31c-0.949,0.043-1.233,0.052-3.637,0.052 s-2.688-0.009-3.637-0.052c-0.877-0.04-1.354-0.187-1.671-0.31c-0.42-0.163-0.72-0.358-1.035-0.673 c-0.315-0.315-0.51-0.615-0.673-1.035c-0.123-0.317-0.27-0.794-0.31-1.671C4.631,14.688,4.622,14.403,4.622,12 s0.009-2.688,0.052-3.637c0.04-0.877,0.187-1.354,0.31-1.671c0.163-0.42,0.358-0.72,0.673-1.035 c0.315-0.315,0.615-0.51,1.035-0.673c0.317-0.123,0.794-0.27,1.671-0.31C9.312,4.631,9.597,4.622,12,4.622 M12,3 C9.556,3,9.249,3.01,8.289,3.054C7.331,3.098,6.677,3.25,6.105,3.472C5.513,3.702,5.011,4.01,4.511,4.511 c-0.5,0.5-0.808,1.002-1.038,1.594C3.25,6.677,3.098,7.331,3.054,8.289C3.01,9.249,3,9.556,3,12c0,2.444,0.01,2.751,0.054,3.711 c0.044,0.958,0.196,1.612,0.418,2.185c0.23,0.592,0.538,1.094,1.038,1.594c0.5,0.5,1.002,0.808,1.594,1.038 c0.572,0.222,1.227,0.375,2.185,0.418C9.249,20.99,9.556,21,12,21s2.751-0.01,3.711-0.054c0.958-0.044,1.612-0.196,2.185-0.418 c0.592-0.23,1.094-0.538,1.594-1.038c0.5-0.5,0.808-1.002,1.038-1.594c0.222-0.572,0.375-1.227,0.418-2.185 C20.99,14.751,21,14.444,21,12s-0.01-2.751-0.054-3.711c-0.044-0.958-0.196-1.612-0.418-2.185c-0.23-0.592-0.538-1.094-1.038-1.594 c-0.5-0.5-1.002-0.808-1.594-1.038c-0.572-0.222-1.227-0.375-2.185-0.418C14.751,3.01,14.444,3,12,3L12,3z M12,7.378 c-2.552,0-4.622,2.069-4.622,4.622S9.448,16.622,12,16.622s4.622-2.069,4.622-4.622S14.552,7.378,12,7.378z M12,15 c-1.657,0-3-1.343-3-3s1.343-3,3-3s3,1.343,3,3S13.657,15,12,15z M16.804,6.116c-0.596,0-1.08,0.484-1.08,1.08 s0.484,1.08,1.08,1.08c0.596,0,1.08-0.484,1.08-1.08S17.401,6.116,16.804,6.116z\"><\/path><\/svg><span class=\"wp-block-social-link-label screen-reader-text\">Instagram<\/span><\/a><\/li>\n\n\n\n<li class=\"wp-social-link wp-social-link-mail  wp-block-social-link\"><a href=\"mailto:contacto@eltallerac.org\" class=\"wp-block-social-link-anchor\"><svg width=\"24\" height=\"24\" viewBox=\"0 0 24 24\" version=\"1.1\" xmlns=\"http:\/\/www.w3.org\/2000\/svg\" aria-hidden=\"true\" focusable=\"false\"><path d=\"M19,5H5c-1.1,0-2,.9-2,2v10c0,1.1.9,2,2,2h14c1.1,0,2-.9,2-2V7c0-1.1-.9-2-2-2zm.5,12c0,.3-.2.5-.5.5H5c-.3,0-.5-.2-.5-.5V9.8l7.5,5.6,7.5-5.6V17zm0-9.1L12,13.6,4.5,7.9V7c0-.3.2-.5.5-.5h14c.3,0,.5.2.5.5v.9z\"><\/path><\/svg><span class=\"wp-block-social-link-label screen-reader-text\">Correo electr\u00f3nico<\/span><\/a><\/li><\/ul>\n\n\n\n<p><\/p>\n","protected":false},"excerpt":{"rendered":"<p>Cumplimos 17 a\u00f1os de lucha y trabajo constante, somos la \u00fanica colectiva LesBifeminista en Puebla que ha logrado construir espacios de reflexi\u00f3n, informaci\u00f3n, encuentro y acci\u00f3n de mujeres lesbianas y bisexualas. Desde nuestro espacio se dio pie a que mujeres se formaran, se reunieran y se consolidaran como defensoras de derechos de las mujeres. MISI\u00d3N [&hellip;]<\/p>\n","protected":false},"author":1,"featured_media":0,"parent":0,"menu_order":1,"comment_status":"closed","ping_status":"closed","template":"","meta":{"footnotes":""},"class_list":["post-47","page","type-page","status-publish","hentry"],"_links":{"self":[{"href":"https:\/\/eltallerac.org\/index.php?rest_route=\/wp\/v2\/pages\/47","targetHints":{"allow":["GET"]}}],"collection":[{"href":"https:\/\/eltallerac.org\/index.php?rest_route=\/wp\/v2\/pages"}],"about":[{"href":"https:\/\/eltallerac.org\/index.php?rest_route=\/wp\/v2\/types\/page"}],"author":[{"embeddable":true,"href":"https:\/\/eltallerac.org\/index.php?rest_route=\/wp\/v2\/users\/1"}],"replies":[{"embeddable":true,"href":"https:\/\/eltallerac.org\/index.php?rest_route=%2Fwp%2Fv2%2Fcomments&post=47"}],"version-history":[{"count":24,"href":"https:\/\/eltallerac.org\/index.php?rest_route=\/wp\/v2\/pages\/47\/revisions"}],"predecessor-version":[{"id":353,"href":"https:\/\/eltallerac.org\/index.php?rest_route=\/wp\/v2\/pages\/47\/revisions\/353"}],"wp:attachment":[{"href":"https:\/\/eltallerac.org\/index.php?rest_route=%2Fwp%2Fv2%2Fmedia&parent=47"}],"curies":[{"name":"wp","href":"https:\/\/api.w.org\/{rel}","templated":true}]}}